{"id":9,"date":"2025-01-09T11:04:32","date_gmt":"2025-01-09T11:04:32","guid":{"rendered":"https:\/\/siism-zr.dkonto.pl\/?page_id=9"},"modified":"2025-01-09T12:17:15","modified_gmt":"2025-01-09T12:17:15","slug":"czwartek-09-01-2025","status":"publish","type":"page","link":"https:\/\/siism-zr.dkonto.pl\/","title":{"rendered":"Czwartek 09.01.2025"},"content":{"rendered":"\n<h2 class=\"wp-block-heading\">Nag\u0142\u00f3wek <\/h2>\n\n\n\n<p>Czwartek to czwarty dzie\u0144 tygodnia. Pogoda jest niezbyt zach\u0119caj\u0105ca do wyj\u015bcia na zewn\u0105trz. <\/p>\n\n\n\n<figure class=\"wp-block-image size-large\"><img loading=\"lazy\" decoding=\"async\" width=\"1024\" height=\"576\" src=\"https:\/\/siism-zr.dkonto.pl\/wp-content\/uploads\/2025\/01\/POL_Ustka_ul_Marynarki_Polskiej_zima_200-1024x576.jpg\" alt=\"\" class=\"wp-image-10\" srcset=\"https:\/\/siism-zr.dkonto.pl\/wp-content\/uploads\/2025\/01\/POL_Ustka_ul_Marynarki_Polskiej_zima_200-1024x576.jpg 1024w, https:\/\/siism-zr.dkonto.pl\/wp-content\/uploads\/2025\/01\/POL_Ustka_ul_Marynarki_Polskiej_zima_200-300x169.jpg 300w, https:\/\/siism-zr.dkonto.pl\/wp-content\/uploads\/2025\/01\/POL_Ustka_ul_Marynarki_Polskiej_zima_200-768x432.jpg 768w, https:\/\/siism-zr.dkonto.pl\/wp-content\/uploads\/2025\/01\/POL_Ustka_ul_Marynarki_Polskiej_zima_200-1536x864.jpg 1536w, https:\/\/siism-zr.dkonto.pl\/wp-content\/uploads\/2025\/01\/POL_Ustka_ul_Marynarki_Polskiej_zima_200-2048x1152.jpg 2048w\" sizes=\"auto, (max-width: 1024px) 100vw, 1024px\" \/><figcaption class=\"wp-element-caption\"><a href=\"https:\/\/upload.wikimedia.org\/wikipedia\/commons\/d\/da\/POL_Ustka_ul_Marynarki_Polskiej_zim%C4%85_200.jpg\">https:\/\/upload.wikimedia.org\/wikipedia\/commons\/d\/da\/POL_Ustka_ul_Marynarki_Polskiej_zim%C4%85_200.jpg<\/a><\/figcaption><\/figure>\n\n\n\n<h2 class=\"wp-block-heading\">Co ciekawego mo\u017cna robi\u0107 zim\u0105?<\/h2>\n\n\n\n<ul class=\"wp-block-list\">\n<li>Sanki<\/li>\n\n\n\n<li>Wyjazd na narty <\/li>\n\n\n\n<li>Kulig<\/li>\n<\/ul>\n\n\n\n<p><strong>Zima<\/strong>&nbsp;to pora roku pe\u0142na kontrast\u00f3w. Mo\u017ce kojarzy\u0107 si\u0119 z puchatym, l\u015bni\u0105cym \u015bniegiem lub zniech\u0119ca\u0107 szar\u0105 pluch\u0105. Cieszy perspektyw\u0105 zimowych sport\u00f3w, aromatycznym zapachem grza\u0144ca i czerwonym od mrozu nosem lub psuje nastr\u00f3j, rozleniwia i zniech\u0119ca do wychodzenia z \u0142\u00f3\u017cka. I zwolennicy, i przeciwnicy zimy musz\u0105 jednak przyzna\u0107, \u017ce jest ona wyj\u0105tkow\u0105 por\u0105 roku, o kt\u00f3rej mo\u017cna m\u00f3wi\u0107 wiele.<\/p>\n\n\n\n<blockquote class=\"wp-block-quote is-layout-flow wp-block-quote-is-layout-flow\">\n<p>&#8222;W g\u0142\u0119bi zimy zrozumia\u0142em w ko\u0144cu, \u017ce jest we mnie niezwyci\u0119\u017cone lato&#8221; &#8211; Albert Camus<\/p>\n<\/blockquote>\n","protected":false},"excerpt":{"rendered":"<p>Nag\u0142\u00f3wek Czwartek to czwarty dzie\u0144 tygodnia. Pogoda jest niezbyt zach\u0119caj\u0105ca do wyj\u015bcia na zewn\u0105trz. Co ciekawego mo\u017cna robi\u0107 zim\u0105? Zima&nbsp;to pora roku pe\u0142na kontrast\u00f3w. Mo\u017ce kojarzy\u0107 si\u0119 z puchatym, l\u015bni\u0105cym \u015bniegiem lub zniech\u0119ca\u0107 szar\u0105 pluch\u0105. Cieszy perspektyw\u0105 zimowych sport\u00f3w, aromatycznym zapachem grza\u0144ca i czerwonym od mrozu nosem lub psuje nastr\u00f3j, rozleniwia i zniech\u0119ca do wychodzenia [&hellip;]<\/p>\n","protected":false},"author":1,"featured_media":0,"parent":0,"menu_order":0,"comment_status":"closed","ping_status":"closed","template":"","meta":{"footnotes":""},"class_list":["post-9","page","type-page","status-publish","hentry"],"_links":{"self":[{"href":"https:\/\/siism-zr.dkonto.pl\/index.php\/wp-json\/wp\/v2\/pages\/9","targetHints":{"allow":["GET"]}}],"collection":[{"href":"https:\/\/siism-zr.dkonto.pl\/index.php\/wp-json\/wp\/v2\/pages"}],"about":[{"href":"https:\/\/siism-zr.dkonto.pl\/index.php\/wp-json\/wp\/v2\/types\/page"}],"author":[{"embeddable":true,"href":"https:\/\/siism-zr.dkonto.pl\/index.php\/wp-json\/wp\/v2\/users\/1"}],"replies":[{"embeddable":true,"href":"https:\/\/siism-zr.dkonto.pl\/index.php\/wp-json\/wp\/v2\/comments?post=9"}],"version-history":[{"count":2,"href":"https:\/\/siism-zr.dkonto.pl\/index.php\/wp-json\/wp\/v2\/pages\/9\/revisions"}],"predecessor-version":[{"id":16,"href":"https:\/\/siism-zr.dkonto.pl\/index.php\/wp-json\/wp\/v2\/pages\/9\/revisions\/16"}],"wp:attachment":[{"href":"https:\/\/siism-zr.dkonto.pl\/index.php\/wp-json\/wp\/v2\/media?parent=9"}],"curies":[{"name":"wp","href":"https:\/\/api.w.org\/{rel}","templated":true}]}}